{"id":2,"date":"2016-02-03T04:08:41","date_gmt":"2016-02-03T04:08:41","guid":{"rendered":"http:\/\/wp442m.a10-52-158-154.qa.plesk.ru\/wordpress\/?page_id=2"},"modified":"2021-07-29T13:53:11","modified_gmt":"2021-07-29T13:53:11","slug":"sample-page","status":"publish","type":"page","link":"https:\/\/tim-monouso.com\/?page_id=2","title":{"rendered":"AZIENDA"},"content":{"rendered":"<p><strong>TIM<\/strong>, nata nel 1995, \u00e8 oggi una importante realt\u00e0 nel panorama dell&#8217;industria dei prodotti monouso. In venti anni di attivit\u00e0 l&#8217;azienda ha imparato a conoscere tutte le esigenze di utilizzo dei suoi prodotti, ha perci\u00f2 applicato la propria competenza e la propria esperienza nel tentativo di soddisfare le varie necessit\u00e0 dei consumatori. Oggi\u00a0TIM\u00a0\u00e8 in grado di offrire una ampia e completa gamma di prodotti monouso.\u00a0Il successo della\u00a0TIM\u00a0monouso \u00e8 stato decretato negli anni da un mix di fattori:<\/p>\n<p><strong>1.\u00a0QUALITA&#8217; SUPERIORE<\/strong>\u00a0del prodotto grazie a 12 impianti tecnologicamente all&#8217;avanguardia come le Termoformatrici in linea ed a materie prime certificate e provenienti dalle pi\u00f9 importanti aziende europee del settore.<\/p>\n<p><strong>2.\u00a0EFFICIENZA E IMMEDIATEZZA DEL SERVIZIO<\/strong><\/p>\n<p><strong>3.\u00a0PREZZO ESTREMAMENTE COMPETITIVO<\/strong>\u00a0sul mercato possibile grazie alla disponibilit\u00e0 del prodotto, alla presenza costante e capillare della rete vendita sul mercato ed alla velocit\u00e0 nelle consegne.<\/p>\n<p>Il successo di\u00a0<strong>TIM<\/strong>\u00a0\u00e8 anche il frutto dell&#8217;impegno, della dedizione e della passione dei fratelli Isidoro e Massimo Taddeo. I due giovani imprenditori sono riusciti a trasformare una piccola attivit\u00e0 di 2.000 mq in una azienda che oggi si sviluppa in un&#8217;area complessiva di 25.000 mq di cui circa 16.000 per l&#8217;attivit\u00e0 produttiva e il magazzino.<\/p>\n<p>La\u00a0<strong>TIM<\/strong>\u00a0\u00e8 un&#8217;azienda dinamica e attiva, destinata a crescere grazie all&#8217;impegno e alla ricerca costanti nell&#8217;intento di offrire ad un mercato nazionale ed internazionale prodotti di\u00a0<strong>ALTA QUALITA&#8217;\u00a0<\/strong>e dal\u00a0<strong>DESIGN ESCLUSIVO<\/strong>.<\/p>\n<p>Gli obblighi informativi per le erogazioni pubbliche: gli aiuti di Stato e gli aiuti de minimis ricevuti dalla nostra impresa sono contenuti nel Registro nazionale degli aiuti di Stato di cui all\u2019art. 52 della L. 234\/2012\u201d e consultabili al seguente link, inserendo come chiave di ricerca nel campo CODICE FISCALE 00607220621<\/p>\n<p><a href=\"https:\/\/www.rna.gov.it\/RegistroNazionaleTrasparenza\/faces\/pages\/TrasparenzaAiuto.jspx\">https:\/\/www.rna.gov.it\/RegistroNazionaleTrasparenza\/faces\/pages\/TrasparenzaAiuto.jspx<\/a><\/p>\n","protected":false},"excerpt":{"rendered":"<p>TIM, nata nel 1995, \u00e8 oggi una importante realt\u00e0 nel panorama dell&#8217;industria dei prodotti monouso. In venti anni di attivit\u00e0 l&#8217;azienda ha imparato a conoscere tutte le esigenze di utilizzo dei suoi prodotti, ha perci\u00f2 applicato la propria competenza e la propria esperienza nel tentativo di soddisfare le varie necessit\u00e0 dei consumatori. Oggi\u00a0TIM\u00a0\u00e8 in grado<a href=\"https:\/\/tim-monouso.com\/?page_id=2\">[&#8230;]<\/a><\/p>\n","protected":false},"author":1,"featured_media":0,"parent":0,"menu_order":0,"comment_status":"closed","ping_status":"closed","template":"","meta":[],"_links":{"self":[{"href":"https:\/\/tim-monouso.com\/index.php?rest_route=\/wp\/v2\/pages\/2"}],"collection":[{"href":"https:\/\/tim-monouso.com\/index.php?rest_route=\/wp\/v2\/pages"}],"about":[{"href":"https:\/\/tim-monouso.com\/index.php?rest_route=\/wp\/v2\/types\/page"}],"author":[{"embeddable":true,"href":"https:\/\/tim-monouso.com\/index.php?rest_route=\/wp\/v2\/users\/1"}],"replies":[{"embeddable":true,"href":"https:\/\/tim-monouso.com\/index.php?rest_route=%2Fwp%2Fv2%2Fcomments&post=2"}],"version-history":[{"count":8,"href":"https:\/\/tim-monouso.com\/index.php?rest_route=\/wp\/v2\/pages\/2\/revisions"}],"predecessor-version":[{"id":364,"href":"https:\/\/tim-monouso.com\/index.php?rest_route=\/wp\/v2\/pages\/2\/revisions\/364"}],"wp:attachment":[{"href":"https:\/\/tim-monouso.com\/index.php?rest_route=%2Fwp%2Fv2%2Fmedia&parent=2"}],"curies":[{"name":"wp","href":"https:\/\/api.w.org\/{rel}","templated":true}]}}